{"id":195,"date":"2023-03-20T15:05:13","date_gmt":"2023-03-20T15:05:13","guid":{"rendered":"https:\/\/deltas.si\/?page_id=195"},"modified":"2023-03-20T15:27:21","modified_gmt":"2023-03-20T15:27:21","slug":"poslovno-in-davcno-svetovanje","status":"publish","type":"page","link":"https:\/\/deltas.si\/index.php\/poslovno-in-davcno-svetovanje\/","title":{"rendered":"Poslovno in dav\u010dno svetovanje"},"content":{"rendered":"\n<p>Dav\u010dno in poslovno svetovanje sta storitvi, ki jih zagotavljajo strokovnjaki na podro\u010dju ra\u010dunovodstva, financ in zakonodaje ter se osredoto\u010data na pomembne vidike poslovanja podjetja.<\/p>\n\n\n\n<p>Dav\u010dno svetovanje obi\u010dajno vklju\u010duje pregled in oceno dav\u010dnih obveznosti podjetja ter pomo\u010d pri izpolnjevanju dav\u010dnih obrazcev in poro\u010dil. Strokovnjaki za dav\u010dno svetovanje lahko pomagajo podjetju pri na\u010drtovanju dav\u010dnih strategij, ki lahko zmanj\u0161ajo dav\u010dno obremenitev podjetja, obenem pa se dr\u017eijo dav\u010dnih zakonov in predpisov.<\/p>\n\n\n\n<p>Poslovno svetovanje pa se osredoto\u010da na splo\u0161no upravljanje podjetja, vklju\u010dno z analizo finan\u010dnih kazalnikov, izbolj\u0161anjem poslovnih procesov, na\u010drtovanjem rasti in razvoja ter strategijami za pove\u010danje dobi\u010dka in konkuren\u010dnosti podjetja. Strokovnjaki za poslovno svetovanje pomagajo podjetjem pri izbolj\u0161anju poslovanja in doseganju poslovnih ciljev.<\/p>\n\n\n\n<h2 class=\"has-text-color wp-block-heading\" style=\"color:#b20838\">Dav\u010dno svetovanje<\/h2>\n\n\n\n<p>Pravilno na\u010drtovanje in izvajanje dav\u010dne politike podjetja lahko ustvari dav\u010dne prihranke in zagotavlja skladnost poslovanja z zakonodajo.<\/p>\n\n\n\n<ul class=\"wp-block-list\">\n<li>projekcija dav\u010dnih u\u010dinkov na\u010drtovanih poslovnih transakcij,<\/li>\n\n\n\n<li>transferne cene,<\/li>\n\n\n\n<li>dav\u010dno na\u010drtovanje,<\/li>\n\n\n\n<li>zastopanje v dav\u010dnih postopkih,<\/li>\n\n\n\n<li>zastopanje na finan\u010dnem uradu,<\/li>\n\n\n\n<li>preventivni dav\u010dni pregledi,<\/li>\n\n\n\n<li>priprava dav\u010dnih napovedi in obra\u010dunov.<\/li>\n<\/ul>\n\n\n\n<p><strong>Ste prepri\u010dani, da poslujete optimalno?<\/strong><\/p>\n\n\n\n<ul class=\"wp-block-list\">\n<li>Ste prepri\u010dani, da so vse va\u0161e rezerve iz\u010drpane?<\/li>\n\n\n\n<li>Niste sigurni v pravilnost va\u0161e odlo\u010ditve!<\/li>\n\n\n\n<li>V Ra\u010dunovodski hi\u0161i Deltas vam bomo pomagali poiskati re\u0161itev!<\/li>\n<\/ul>\n\n\n\n<h2 class=\"has-text-color wp-block-heading\" style=\"color:#b20838\">Poslovno svetovanje<\/h2>\n\n\n\n<ul class=\"wp-block-list\">\n<li>Odpirate podjetje?<\/li>\n\n\n\n<li>Katere dejavnosti naj registriram?<\/li>\n\n\n\n<li>Kak\u0161no obliko podjetja naj registriram?<\/li>\n\n\n\n<li>Kaj potrebujem za uspe\u0161no poslovanje?<\/li>\n\n\n\n<li>Kako pripraviti poslovni na\u010drt?<\/li>\n\n\n\n<li>Pri kateri banki najeti posojilo?<\/li>\n<\/ul>\n\n\n\n<h3 class=\"wp-block-heading\">Finan\u010dne analize in pregledi poslovanja<\/h3>\n\n\n\n<p>Ste \u017ee ve\u010dkrat vpra\u0161ali kje dejansko trenutno ste in kam greste, kje \u017eelite biti?<\/p>\n\n\n\n<ul class=\"wp-block-list\">\n<li>Na\u010drtovanje prodaje<\/li>\n\n\n\n<li>Na\u010drtovanje nabave<\/li>\n\n\n\n<li>Analiza u\u010dinkovitosti in produktivnosti<\/li>\n\n\n\n<li>Denarni tok<\/li>\n<\/ul>\n\n\n\n<h3 class=\"wp-block-heading\">Poslovni na\u010drti<\/h3>\n\n\n\n<ul class=\"wp-block-list\">\n<li>Priprava poslovnih na\u010drtov<\/li>\n\n\n\n<li>Priprava in urejanje razpisnih dokumentacij<\/li>\n<\/ul>\n\n\n\n<h3 class=\"wp-block-heading\">Strate\u0161ki marketin\u0161ki na\u010drti &#8211; na\u010drti poslovanja<\/h3>\n\n\n\n<ul class=\"wp-block-list\">\n<li>Ocena okoli\u0161\u010din in resursov<\/li>\n\n\n\n<li>Klju\u010dni faktorji uspeha v panogi<\/li>\n\n\n\n<li>SWOT analiza<\/li>\n\n\n\n<li>Vizija podjetja<\/li>\n\n\n\n<li>Poslovni cilji<\/li>\n\n\n\n<li>\u017delena tr\u017ena pozicija in izbor generi\u010dne strategije <\/li>\n\n\n\n<li>Priprava akcijskega na\u010drta in implementacija le tega<\/li>\n<\/ul>\n","protected":false},"excerpt":{"rendered":"<p>Dav\u010dno in poslovno svetovanje sta storitvi, ki jih zagotavljajo strokovnjaki na podro\u010dju ra\u010dunovodstva, financ in zakonodaje ter se osredoto\u010data na pomembne vidike poslovanja podjetja. Dav\u010dno svetovanje obi\u010dajno vklju\u010duje pregled in oceno dav\u010dnih obveznosti podjetja ter pomo\u010d pri izpolnjevanju dav\u010dnih obrazcev in poro\u010dil. Strokovnjaki za dav\u010dno svetovanje lahko pomagajo podjetju pri na\u010drtovanju dav\u010dnih strategij, ki lahko [&hellip;]<\/p>\n","protected":false},"author":1,"featured_media":0,"parent":0,"menu_order":0,"comment_status":"closed","ping_status":"closed","template":"elementor_theme","meta":{"footnotes":""},"class_list":["post-195","page","type-page","status-publish","hentry"],"_links":{"self":[{"href":"https:\/\/deltas.si\/index.php\/wp-json\/wp\/v2\/pages\/195","targetHints":{"allow":["GET"]}}],"collection":[{"href":"https:\/\/deltas.si\/index.php\/wp-json\/wp\/v2\/pages"}],"about":[{"href":"https:\/\/deltas.si\/index.php\/wp-json\/wp\/v2\/types\/page"}],"author":[{"embeddable":true,"href":"https:\/\/deltas.si\/index.php\/wp-json\/wp\/v2\/users\/1"}],"replies":[{"embeddable":true,"href":"https:\/\/deltas.si\/index.php\/wp-json\/wp\/v2\/comments?post=195"}],"version-history":[{"count":5,"href":"https:\/\/deltas.si\/index.php\/wp-json\/wp\/v2\/pages\/195\/revisions"}],"predecessor-version":[{"id":212,"href":"https:\/\/deltas.si\/index.php\/wp-json\/wp\/v2\/pages\/195\/revisions\/212"}],"wp:attachment":[{"href":"https:\/\/deltas.si\/index.php\/wp-json\/wp\/v2\/media?parent=195"}],"curies":[{"name":"wp","href":"https:\/\/api.w.org\/{rel}","templated":true}]}}