{"id":213,"date":"2023-03-20T15:28:57","date_gmt":"2023-03-20T15:28:57","guid":{"rendered":"https:\/\/deltas.si\/?page_id=213"},"modified":"2023-03-20T15:28:57","modified_gmt":"2023-03-20T15:28:57","slug":"finacne-analize-in-pregledi-poslovanja","status":"publish","type":"page","link":"https:\/\/deltas.si\/index.php\/finacne-analize-in-pregledi-poslovanja\/","title":{"rendered":"Fina\u010dne analize in pregledi poslovanja"},"content":{"rendered":"\n<h3 class=\"wp-block-heading\">Finan\u010dne analize in pregledi poslovanja<\/h3>\n\n\n\n<p>Ste \u017ee ve\u010dkrat vpra\u0161ali kje dejansko trenutno ste in kam greste, kje \u017eelite biti?<\/p>\n\n\n\n<ul class=\"wp-block-list\">\n<li>Na\u010drtovanje prodaje<\/li>\n\n\n\n<li>Na\u010drtovanje nabave<\/li>\n\n\n\n<li>Analiza u\u010dinkovitosti in produktivnosti<\/li>\n\n\n\n<li>Denarni tok<\/li>\n<\/ul>\n","protected":false},"excerpt":{"rendered":"<p>Finan\u010dne analize in pregledi poslovanja Ste \u017ee ve\u010dkrat vpra\u0161ali kje dejansko trenutno ste in kam greste, kje \u017eelite biti?<\/p>\n","protected":false},"author":1,"featured_media":0,"parent":0,"menu_order":0,"comment_status":"closed","ping_status":"closed","template":"","meta":{"footnotes":""},"class_list":["post-213","page","type-page","status-publish","hentry"],"_links":{"self":[{"href":"https:\/\/deltas.si\/index.php\/wp-json\/wp\/v2\/pages\/213","targetHints":{"allow":["GET"]}}],"collection":[{"href":"https:\/\/deltas.si\/index.php\/wp-json\/wp\/v2\/pages"}],"about":[{"href":"https:\/\/deltas.si\/index.php\/wp-json\/wp\/v2\/types\/page"}],"author":[{"embeddable":true,"href":"https:\/\/deltas.si\/index.php\/wp-json\/wp\/v2\/users\/1"}],"replies":[{"embeddable":true,"href":"https:\/\/deltas.si\/index.php\/wp-json\/wp\/v2\/comments?post=213"}],"version-history":[{"count":1,"href":"https:\/\/deltas.si\/index.php\/wp-json\/wp\/v2\/pages\/213\/revisions"}],"predecessor-version":[{"id":214,"href":"https:\/\/deltas.si\/index.php\/wp-json\/wp\/v2\/pages\/213\/revisions\/214"}],"wp:attachment":[{"href":"https:\/\/deltas.si\/index.php\/wp-json\/wp\/v2\/media?parent=213"}],"curies":[{"name":"wp","href":"https:\/\/api.w.org\/{rel}","templated":true}]}}